{"id":13035,"date":"2022-10-18T07:38:23","date_gmt":"2022-10-18T07:38:23","guid":{"rendered":"https:\/\/www.sidec.eu\/product\/quartz-colore-1-2-mm\/"},"modified":"2023-05-03T15:38:48","modified_gmt":"2023-05-03T15:38:48","slug":"gekleurd-quartz-1-2mm","status":"publish","type":"product","link":"https:\/\/sidec.acceptance-monocode.site\/fr\/product\/gekleurd-quartz-1-2mm\/","title":{"rendered":"Quartz color\u00e9 1\/2 mm"},"content":{"rendered":"<p><span class='tooltipsall tooltip_post_id_7761 classtoolTips7761'><\/span><strong>Quartz color\u00e9 1\/2 mm<\/strong><\/p>\n<p>Sidec Coloured quartz 1\/2 se compose de quartz lav\u00e9, s\u00e9ch\u00e9 au feu et tamis\u00e9 de <strong>1 \u00e0 2 mm<\/strong>. Ce gravier n'est pas concass\u00e9, mais a roul\u00e9 dans le lit d'une rivi\u00e8re pendant des millions d'ann\u00e9es, ce qui lui a donn\u00e9 sa forme arrondie finale. Pour garantir la qualit\u00e9 et minimiser la poussi\u00e8re ou l'exc\u00e8s, le gravier est tamis\u00e9 tr\u00e8s soigneusement. En outre, le quartz Sidec est tr\u00e8s pur et contient au moins 98 % de SiO2. La duret\u00e9 relative est de 7mohs . \u00c9tant donn\u00e9 que la couleur du grain original 1\/2 naturel est beige marbr\u00e9, on obtient g\u00e9n\u00e9ralement un <strong>grain color\u00e9 marbr\u00e9<\/strong> apr\u00e8s coloration. Pour obtenir une couleur plus uniforme, le grain devra \u00eatre enduit 2 ou 3 fois.<\/p>\n<p>Le gravier d\u00e9coratif Sidec est color\u00e9 avec plusieurs pigments organiques et\/ou inorganiques et recouvert d'un syst\u00e8me <strong>\u00e9poxy ou polyur\u00e9thane<\/strong>par un proc\u00e9d\u00e9 \u00e0 <strong>chaud<\/strong>. Il en r\u00e9sulte un agr\u00e9gat color\u00e9 tr\u00e8s r\u00e9sistant \u00e0 l'abrasion. En fonction des pigments et\/ou des r\u00e9sines choisis, le gravier color\u00e9 sera plus ou moins r\u00e9sistant aux UV. Pour les quartz directement expos\u00e9s \u00e0 la lumi\u00e8re du soleil, nous recommandons d'utiliser du gravier enduit de PU. Pour donner une id\u00e9e des couleurs qui r\u00e9sistent ou non aux UV, nous avons ajout\u00e9 aux t\u00e9l\u00e9chargements une liste de classification selon l'\u00e9chelle de laine.<\/p>\n<p><strong>Capacit\u00e9s : <\/strong>Le gravier d\u00e9coratif Sidec peut \u00eatre utilis\u00e9 dans toutes sortes d'applications telles que : diff\u00e9rents types de sols en plastique, aquariums, applications d\u00e9coratives,...<\/p>\n<p><strong>Couleurs :<\/strong> Sidec quartz 1\/2 peut \u00eatre produit dans plus de <strong>4 000<\/strong> <strong>couleurs<\/strong> diff\u00e9rentes, qui peuvent \u00e9galement \u00eatre m\u00e9lang\u00e9es les unes avec les autres dans d'innombrables possibilit\u00e9s de m\u00e9lange si vous le souhaitez.<\/p>\n<ul>\n<li>quartz <sub>SiO2 <\/sub>(min 98%)<\/li>\n<li>taille des grains : 1-2 mm<\/li>\n<li>Forme : angles naturellement arrondis<\/li>\n<li>type de rev\u00eatement : \u00e9poxy ou polyur\u00e9thane<\/li>\n<li>Duret\u00e9 : 7 Mohs<\/li>\n<li>4000 couleurs<\/li>\n<li>Humidit\u00e9 r\u00e9siduelle &lt; 0,5%<\/li>\n<\/ul>\n<p>Emballage possible :<\/p>\n<ul>\n<li>Sacs de 25 kg<\/li>\n<li>Big-bags 1000kg<\/li>\n<li>Big-bags 1500kg<\/li>\n<\/ul>\n","protected":false},"excerpt":{"rendered":"<p><strong>Granul\u00e9s color\u00e9s<\/strong><\/p>\n<ul>\n<li>quartz <sub>SiO2 <\/sub>(min 98%)<\/li>\n<li>taille des grains : 1-2 mm<\/li>\n<li>Forme : naturellement arrondie<\/li>\n<li>Type de rev\u00eatement : \u00e9poxy ou polyur\u00e9thane<\/li>\n<li>Duret\u00e9 : 7 Mohs<\/li>\n<li>4000 couleurs<\/li>\n<\/ul>\n","protected":false},"featured_media":5490,"comment_status":"open","ping_status":"closed","template":"","meta":{"inline_featured_image":false},"product_cat":[1360,1365,1599],"product_tag":[1244],"class_list":["post-13035","product","type-product","status-publish","has-post-thumbnail","hentry","product_cat-sidec-fr","product_cat-granules","product_cat-gekleurd-quartz-fr","product_tag-granules"],"acf":[],"yoast_head":"<!-- This site is optimized with the Yoast SEO plugin v21.6 - https:\/\/yoast.com\/wordpress\/plugins\/seo\/ -->\n<title>Quartz color\u00e9 1\/2 mm - SIDEC<\/title>\n<meta name=\"description\" content=\"Quartz color\u00e9 1\/2 mm\" \/>\n<meta name=\"robots\" content=\"index, follow, max-snippet:-1, max-image-preview:large, max-video-preview:-1\" \/>\n<link rel=\"canonical\" href=\"https:\/\/sidec.acceptance-monocode.site\/fr\/product\/gekleurd-quartz-1-2mm\/\" \/>\n<meta property=\"og:locale\" content=\"fr_FR\" \/>\n<meta property=\"og:type\" content=\"article\" \/>\n<meta property=\"og:title\" content=\"Quartz color\u00e9 1\/2 mm - SIDEC\" \/>\n<meta property=\"og:description\" content=\"Quartz color\u00e9 1\/2 mm\" \/>\n<meta property=\"og:url\" content=\"https:\/\/sidec.acceptance-monocode.site\/fr\/product\/gekleurd-quartz-1-2mm\/\" \/>\n<meta property=\"og:site_name\" content=\"SIDEC\" \/>\n<meta property=\"article:modified_time\" content=\"2023-05-03T15:38:48+00:00\" \/>\n<meta property=\"og:image\" content=\"https:\/\/sidec.acceptance-monocode.site\/wp-content\/uploads\/2022\/10\/SIDEC-producten-granulaten-SF30-W1-2de.jpg\" \/>\n\t<meta property=\"og:image:width\" content=\"600\" \/>\n\t<meta property=\"og:image:height\" content=\"429\" \/>\n\t<meta property=\"og:image:type\" content=\"image\/jpeg\" \/>\n<meta name=\"twitter:card\" content=\"summary_large_image\" \/>\n<meta name=\"twitter:label1\" content=\"Dur\u00e9e de lecture estim\u00e9e\" \/>\n\t<meta name=\"twitter:data1\" content=\"2 minutes\" \/>\n<script type=\"application\/ld+json\" class=\"yoast-schema-graph\">{\"@context\":\"https:\/\/schema.org\",\"@graph\":[{\"@type\":\"WebPage\",\"@id\":\"https:\/\/sidec.acceptance-monocode.site\/fr\/product\/gekleurd-quartz-1-2mm\/\",\"url\":\"https:\/\/sidec.acceptance-monocode.site\/fr\/product\/gekleurd-quartz-1-2mm\/\",\"name\":\"Quartz color\u00e9 1\/2 mm - SIDEC\",\"isPartOf\":{\"@id\":\"https:\/\/sidec.acceptance-monocode.site\/fr\/#website\"},\"datePublished\":\"2022-10-18T07:38:23+00:00\",\"dateModified\":\"2023-05-03T15:38:48+00:00\",\"description\":\"Quartz color\u00e9 1\/2 mm\",\"breadcrumb\":{\"@id\":\"https:\/\/sidec.acceptance-monocode.site\/fr\/product\/gekleurd-quartz-1-2mm\/#breadcrumb\"},\"inLanguage\":\"fr-FR\",\"potentialAction\":[{\"@type\":\"ReadAction\",\"target\":[\"https:\/\/sidec.acceptance-monocode.site\/fr\/product\/gekleurd-quartz-1-2mm\/\"]}]},{\"@type\":\"BreadcrumbList\",\"@id\":\"https:\/\/sidec.acceptance-monocode.site\/fr\/product\/gekleurd-quartz-1-2mm\/#breadcrumb\",\"itemListElement\":[{\"@type\":\"ListItem\",\"position\":1,\"name\":\"Home\",\"item\":\"https:\/\/sidec.acceptance-monocode.site\/fr\/\"},{\"@type\":\"ListItem\",\"position\":2,\"name\":\"Producten\",\"item\":\"https:\/\/sidec.acceptance-monocode.site\/fr\/producten\/\"},{\"@type\":\"ListItem\",\"position\":3,\"name\":\"Quartz color\u00e9 1\/2 mm\"}]},{\"@type\":\"WebSite\",\"@id\":\"https:\/\/sidec.acceptance-monocode.site\/fr\/#website\",\"url\":\"https:\/\/sidec.acceptance-monocode.site\/fr\/\",\"name\":\"SIDEC\",\"description\":\"\",\"publisher\":{\"@id\":\"https:\/\/sidec.acceptance-monocode.site\/fr\/#organization\"},\"potentialAction\":[{\"@type\":\"SearchAction\",\"target\":{\"@type\":\"EntryPoint\",\"urlTemplate\":\"https:\/\/sidec.acceptance-monocode.site\/fr\/?s={search_term_string}\"},\"query-input\":\"required name=search_term_string\"}],\"inLanguage\":\"fr-FR\"},{\"@type\":\"Organization\",\"@id\":\"https:\/\/sidec.acceptance-monocode.site\/fr\/#organization\",\"name\":\"SIDEC\",\"url\":\"https:\/\/sidec.acceptance-monocode.site\/fr\/\",\"logo\":{\"@type\":\"ImageObject\",\"inLanguage\":\"fr-FR\",\"@id\":\"https:\/\/sidec.acceptance-monocode.site\/fr\/#\/schema\/logo\/image\/\",\"url\":\"https:\/\/sidec.acceptance-monocode.site\/wp-content\/uploads\/2023\/04\/logosidecgrootzonder.png\",\"contentUrl\":\"https:\/\/sidec.acceptance-monocode.site\/wp-content\/uploads\/2023\/04\/logosidecgrootzonder.png\",\"width\":936,\"height\":217,\"caption\":\"SIDEC\"},\"image\":{\"@id\":\"https:\/\/sidec.acceptance-monocode.site\/fr\/#\/schema\/logo\/image\/\"}}]}<\/script>\n<!-- \/ Yoast SEO plugin. -->","yoast_head_json":{"title":"Quartz color\u00e9 1\/2 mm - SIDEC","description":"Quartz color\u00e9 1\/2 mm","robots":{"index":"index","follow":"follow","max-snippet":"max-snippet:-1","max-image-preview":"max-image-preview:large","max-video-preview":"max-video-preview:-1"},"canonical":"https:\/\/sidec.acceptance-monocode.site\/fr\/product\/gekleurd-quartz-1-2mm\/","og_locale":"fr_FR","og_type":"article","og_title":"Quartz color\u00e9 1\/2 mm - SIDEC","og_description":"Quartz color\u00e9 1\/2 mm","og_url":"https:\/\/sidec.acceptance-monocode.site\/fr\/product\/gekleurd-quartz-1-2mm\/","og_site_name":"SIDEC","article_modified_time":"2023-05-03T15:38:48+00:00","og_image":[{"width":600,"height":429,"url":"https:\/\/sidec.acceptance-monocode.site\/wp-content\/uploads\/2022\/10\/SIDEC-producten-granulaten-SF30-W1-2de.jpg","type":"image\/jpeg"}],"twitter_card":"summary_large_image","twitter_misc":{"Dur\u00e9e de lecture estim\u00e9e":"2 minutes"},"schema":{"@context":"https:\/\/schema.org","@graph":[{"@type":"WebPage","@id":"https:\/\/sidec.acceptance-monocode.site\/fr\/product\/gekleurd-quartz-1-2mm\/","url":"https:\/\/sidec.acceptance-monocode.site\/fr\/product\/gekleurd-quartz-1-2mm\/","name":"Quartz color\u00e9 1\/2 mm - SIDEC","isPartOf":{"@id":"https:\/\/sidec.acceptance-monocode.site\/fr\/#website"},"datePublished":"2022-10-18T07:38:23+00:00","dateModified":"2023-05-03T15:38:48+00:00","description":"Quartz color\u00e9 1\/2 mm","breadcrumb":{"@id":"https:\/\/sidec.acceptance-monocode.site\/fr\/product\/gekleurd-quartz-1-2mm\/#breadcrumb"},"inLanguage":"fr-FR","potentialAction":[{"@type":"ReadAction","target":["https:\/\/sidec.acceptance-monocode.site\/fr\/product\/gekleurd-quartz-1-2mm\/"]}]},{"@type":"BreadcrumbList","@id":"https:\/\/sidec.acceptance-monocode.site\/fr\/product\/gekleurd-quartz-1-2mm\/#breadcrumb","itemListElement":[{"@type":"ListItem","position":1,"name":"Home","item":"https:\/\/sidec.acceptance-monocode.site\/fr\/"},{"@type":"ListItem","position":2,"name":"Producten","item":"https:\/\/sidec.acceptance-monocode.site\/fr\/producten\/"},{"@type":"ListItem","position":3,"name":"Quartz color\u00e9 1\/2 mm"}]},{"@type":"WebSite","@id":"https:\/\/sidec.acceptance-monocode.site\/fr\/#website","url":"https:\/\/sidec.acceptance-monocode.site\/fr\/","name":"SIDEC","description":"","publisher":{"@id":"https:\/\/sidec.acceptance-monocode.site\/fr\/#organization"},"potentialAction":[{"@type":"SearchAction","target":{"@type":"EntryPoint","urlTemplate":"https:\/\/sidec.acceptance-monocode.site\/fr\/?s={search_term_string}"},"query-input":"required name=search_term_string"}],"inLanguage":"fr-FR"},{"@type":"Organization","@id":"https:\/\/sidec.acceptance-monocode.site\/fr\/#organization","name":"SIDEC","url":"https:\/\/sidec.acceptance-monocode.site\/fr\/","logo":{"@type":"ImageObject","inLanguage":"fr-FR","@id":"https:\/\/sidec.acceptance-monocode.site\/fr\/#\/schema\/logo\/image\/","url":"https:\/\/sidec.acceptance-monocode.site\/wp-content\/uploads\/2023\/04\/logosidecgrootzonder.png","contentUrl":"https:\/\/sidec.acceptance-monocode.site\/wp-content\/uploads\/2023\/04\/logosidecgrootzonder.png","width":936,"height":217,"caption":"SIDEC"},"image":{"@id":"https:\/\/sidec.acceptance-monocode.site\/fr\/#\/schema\/logo\/image\/"}}]}},"_links":{"self":[{"href":"https:\/\/sidec.acceptance-monocode.site\/fr\/wp-json\/wp\/v2\/product\/13035","targetHints":{"allow":["GET"]}}],"collection":[{"href":"https:\/\/sidec.acceptance-monocode.site\/fr\/wp-json\/wp\/v2\/product"}],"about":[{"href":"https:\/\/sidec.acceptance-monocode.site\/fr\/wp-json\/wp\/v2\/types\/product"}],"replies":[{"embeddable":true,"href":"https:\/\/sidec.acceptance-monocode.site\/fr\/wp-json\/wp\/v2\/comments?post=13035"}],"wp:featuredmedia":[{"embeddable":true,"href":"https:\/\/sidec.acceptance-monocode.site\/fr\/wp-json\/wp\/v2\/media\/5490"}],"wp:attachment":[{"href":"https:\/\/sidec.acceptance-monocode.site\/fr\/wp-json\/wp\/v2\/media?parent=13035"}],"wp:term":[{"taxonomy":"product_cat","embeddable":true,"href":"https:\/\/sidec.acceptance-monocode.site\/fr\/wp-json\/wp\/v2\/product_cat?post=13035"},{"taxonomy":"product_tag","embeddable":true,"href":"https:\/\/sidec.acceptance-monocode.site\/fr\/wp-json\/wp\/v2\/product_tag?post=13035"}],"curies":[{"name":"wp","href":"https:\/\/api.w.org\/{rel}","templated":true}]}}